{"id":54,"date":"2021-08-07T19:43:40","date_gmt":"2021-08-07T17:43:40","guid":{"rendered":"https:\/\/domo-secure.fr\/?page_id=54"},"modified":"2021-08-16T12:39:37","modified_gmt":"2021-08-16T10:39:37","slug":"domotique-alarme-videosurveillance-domo-secure-60","status":"publish","type":"page","link":"https:\/\/domo-secure.fr\/","title":{"rendered":"Accueil Domo-Secure"},"content":{"rendered":"\t\t<div data-elementor-type=\"wp-page\" data-elementor-id=\"54\" class=\"elementor elementor-54\" data-elementor-settings=\"[]\">\n\t\t\t\t\t\t\t<div class=\"elementor-section-wrap\">\n\t\t\t\t\t\t\t<section class=\"elementor-section elementor-top-section elementor-element elementor-element-64c772a elementor-section-full_width elementor-section-stretched elementor-section-height-default elementor-section-height-default\" data-id=\"64c772a\" data-element_type=\"section\" data-settings=\"{&quot;stretch_section&quot;:&quot;section-stretched&quot;}\">\n\t\t\t\t\t\t<div class=\"elementor-container elementor-column-gap-default\">\n\t\t\t\t\t<header class=\"elementor-column elementor-col-100 elementor-top-column elementor-element elementor-element-a4df366\" data-id=\"a4df366\" data-element_type=\"column\">\n\t\t\t<div class=\"elementor-widget-wrap elementor-element-populated\">\n\t\t\t\t\t\t\t\t\t<\/div>\n\t\t<\/header>\n\t\t\t\t\t\t\t<\/div>\n\t\t<\/section>\n\t\t\t\t<section class=\"elementor-section elementor-top-section elementor-element elementor-element-31d26d7 elementor-section-boxed elementor-section-height-default elementor-section-height-default\" data-id=\"31d26d7\" data-element_type=\"section\">\n\t\t\t\t\t\t<div class=\"elementor-container elementor-column-gap-default\">\n\t\t\t\t\t<div class=\"elementor-column elementor-col-100 elementor-top-column elementor-element elementor-element-b4cacc8\" data-id=\"b4cacc8\" data-element_type=\"column\">\n\t\t\t<div class=\"elementor-widget-wrap elementor-element-populated\">\n\t\t\t\t\t\t\t\t<div class=\"elementor-element elementor-element-3f20cd7 elementor-widget elementor-widget-heading\" data-id=\"3f20cd7\" data-element_type=\"widget\" data-widget_type=\"heading.default\">\n\t\t\t\t<div class=\"elementor-widget-container\">\n\t\t\t<h2 class=\"elementor-heading-title elementor-size-default\">DOMO-SECURE INSTALLATEUR D'ALARMES DANS L'OISE ET EN FRANCE<\/h2>\t\t<\/div>\n\t\t\t\t<\/div>\n\t\t\t\t\t<\/div>\n\t\t<\/div>\n\t\t\t\t\t\t\t<\/div>\n\t\t<\/section>\n\t\t\t\t<section class=\"elementor-section elementor-top-section elementor-element elementor-element-6569ec0 elementor-section-boxed elementor-section-height-default elementor-section-height-default\" data-id=\"6569ec0\" data-element_type=\"section\">\n\t\t\t\t\t\t<div class=\"elementor-container elementor-column-gap-default\">\n\t\t\t\t\t<div class=\"elementor-column elementor-col-100 elementor-top-column elementor-element elementor-element-7c35371\" data-id=\"7c35371\" data-element_type=\"column\">\n\t\t\t<div class=\"elementor-widget-wrap elementor-element-populated\">\n\t\t\t\t\t\t\t\t<section class=\"elementor-section elementor-inner-section elementor-element elementor-element-3dc892f elementor-section-boxed elementor-section-height-default elementor-section-height-default\" data-id=\"3dc892f\" data-element_type=\"section\">\n\t\t\t\t\t\t<div class=\"elementor-container elementor-column-gap-default\">\n\t\t\t\t\t<div class=\"elementor-column elementor-col-50 elementor-inner-column elementor-element elementor-element-03ce9cb\" data-id=\"03ce9cb\" data-element_type=\"column\">\n\t\t\t<div class=\"elementor-widget-wrap elementor-element-populated\">\n\t\t\t\t\t\t\t\t<div class=\"elementor-element elementor-element-a81166c elementor-widget__width-auto elementor-invisible elementor-widget elementor-widget-heading\" data-id=\"a81166c\" data-element_type=\"widget\" data-settings=\"{&quot;_animation&quot;:&quot;bounceInDown&quot;}\" data-widget_type=\"heading.default\">\n\t\t\t\t<div class=\"elementor-widget-container\">\n\t\t\t<h2 class=\"elementor-heading-title elementor-size-default\"><a href=\"https:\/\/domo-secure.fr\/index.php\/nos-services\/\">Nos Services<\/a><\/h2>\t\t<\/div>\n\t\t\t\t<\/div>\n\t\t\t\t\t<\/div>\n\t\t<\/div>\n\t\t\t\t<div class=\"elementor-column elementor-col-50 elementor-inner-column elementor-element elementor-element-c9de2be\" data-id=\"c9de2be\" data-element_type=\"column\">\n\t\t\t<div class=\"elementor-widget-wrap elementor-element-populated\">\n\t\t\t\t\t\t\t\t<div class=\"elementor-element elementor-element-1807ec9 elementor-button-info elementor-align-center elementor-widget__width-auto elementor-invisible elementor-widget elementor-widget-button\" data-id=\"1807ec9\" data-element_type=\"widget\" data-settings=\"{&quot;_animation&quot;:&quot;bounceInDown&quot;}\" data-widget_type=\"button.default\">\n\t\t\t\t<div class=\"elementor-widget-container\">\n\t\t\t\t\t<div class=\"elementor-button-wrapper\">\n\t\t\t<a href=\"https:\/\/domo-secure.fr\/index.php\/contact\/\" class=\"elementor-button-link elementor-button elementor-size-lg\" role=\"button\">\n\t\t\t\t\t\t<span class=\"elementor-button-content-wrapper\">\n\t\t\t\t\t\t<span class=\"elementor-button-text\">CONTACTER DOMO-SECURE<\/span>\n\t\t<\/span>\n\t\t\t\t\t<\/a>\n\t\t<\/div>\n\t\t\t\t<\/div>\n\t\t\t\t<\/div>\n\t\t\t\t\t<\/div>\n\t\t<\/div>\n\t\t\t\t\t\t\t<\/div>\n\t\t<\/section>\n\t\t\t\t\t<\/div>\n\t\t<\/div>\n\t\t\t\t\t\t\t<\/div>\n\t\t<\/section>\n\t\t\t\t<section class=\"elementor-section elementor-top-section elementor-element elementor-element-b583f39 elementor-section-boxed elementor-section-height-default elementor-section-height-default\" data-id=\"b583f39\" data-element_type=\"section\">\n\t\t\t\t\t\t<div class=\"elementor-container elementor-column-gap-default\">\n\t\t\t\t\t<div class=\"elementor-column elementor-col-100 elementor-top-column elementor-element elementor-element-e73c0b2\" data-id=\"e73c0b2\" data-element_type=\"column\">\n\t\t\t<div class=\"elementor-widget-wrap elementor-element-populated\">\n\t\t\t\t\t\t\t\t<div class=\"elementor-element elementor-element-2b771b5 elementor-widget elementor-widget-text-editor\" data-id=\"2b771b5\" data-element_type=\"widget\" data-widget_type=\"text-editor.default\">\n\t\t\t\t<div class=\"elementor-widget-container\">\n\t\t\t\t\t\t\t\t<p><span style=\"text-decoration: underline;\"><span style=\"color: #000000;\"><strong>\u21d2 Domo-Secure \u00e9quipe les professionnels et les particuliers en syst\u00e8mes de s\u00e9curit\u00e9 dans l&#8217;Oise et partout en France.<\/strong><\/span><\/span><\/p>\t\t\t\t\t\t<\/div>\n\t\t\t\t<\/div>\n\t\t\t\t<div class=\"elementor-element elementor-element-efe06d9 elementor-widget__width-auto elementor-widget elementor-widget-toggle\" data-id=\"efe06d9\" data-element_type=\"widget\" data-widget_type=\"toggle.default\">\n\t\t\t\t<div class=\"elementor-widget-container\">\n\t\t\t\t\t<div class=\"elementor-toggle\" role=\"tablist\">\n\t\t\t\t\t\t\t<div class=\"elementor-toggle-item\">\n\t\t\t\t\t<div id=\"elementor-tab-title-2511\" class=\"elementor-tab-title\" data-tab=\"1\" role=\"tab\" aria-controls=\"elementor-tab-content-2511\" aria-expanded=\"false\">\n\t\t\t\t\t\t\t\t\t\t\t\t<span class=\"elementor-toggle-icon elementor-toggle-icon-left\" aria-hidden=\"true\">\n\t\t\t\t\t\t\t\t\t\t\t\t\t\t\t<span class=\"elementor-toggle-icon-closed\"><i class=\"fas fa-caret-right\"><\/i><\/span>\n\t\t\t\t\t\t\t\t<span class=\"elementor-toggle-icon-opened\"><i class=\"elementor-toggle-icon-opened fas fa-caret-up\"><\/i><\/span>\n\t\t\t\t\t\t\t\t\t\t\t\t\t<\/span>\n\t\t\t\t\t\t\t\t\t\t\t\t<a href=\"\" class=\"elementor-toggle-title\">CHOISISSEZ NOS DIFF\u00c9RENTS TYPES D'ALARMES EN FONCTION DE VOS BESOINS (ANTI-INTRUSION, INCENDIE)<\/a>\n\t\t\t\t\t<\/div>\n\t\t\t\t\t<div id=\"elementor-tab-content-2511\" class=\"elementor-tab-content elementor-clearfix\" data-tab=\"1\" role=\"tabpanel\" aria-labelledby=\"elementor-tab-title-2511\"><\/div>\n\t\t\t\t<\/div>\n\t\t\t\t\t\t\t<div class=\"elementor-toggle-item\">\n\t\t\t\t\t<div id=\"elementor-tab-title-2512\" class=\"elementor-tab-title\" data-tab=\"2\" role=\"tab\" aria-controls=\"elementor-tab-content-2512\" aria-expanded=\"false\">\n\t\t\t\t\t\t\t\t\t\t\t\t<span class=\"elementor-toggle-icon elementor-toggle-icon-left\" aria-hidden=\"true\">\n\t\t\t\t\t\t\t\t\t\t\t\t\t\t\t<span class=\"elementor-toggle-icon-closed\"><i class=\"fas fa-caret-right\"><\/i><\/span>\n\t\t\t\t\t\t\t\t<span class=\"elementor-toggle-icon-opened\"><i class=\"elementor-toggle-icon-opened fas fa-caret-up\"><\/i><\/span>\n\t\t\t\t\t\t\t\t\t\t\t\t\t<\/span>\n\t\t\t\t\t\t\t\t\t\t\t\t<a href=\"\" class=\"elementor-toggle-title\">ADOPTEZ UN SYST\u00c8ME DE VID\u00c9OSURVEILLANCE ET DE CONTR\u00d4LE D'ACC\u00c8S AFIN DE PROT\u00c9GER VOS LOCAUX<\/a>\n\t\t\t\t\t<\/div>\n\t\t\t\t\t<div id=\"elementor-tab-content-2512\" class=\"elementor-tab-content elementor-clearfix\" data-tab=\"2\" role=\"tabpanel\" aria-labelledby=\"elementor-tab-title-2512\"><\/div>\n\t\t\t\t<\/div>\n\t\t\t\t\t\t\t<div class=\"elementor-toggle-item\">\n\t\t\t\t\t<div id=\"elementor-tab-title-2513\" class=\"elementor-tab-title\" data-tab=\"3\" role=\"tab\" aria-controls=\"elementor-tab-content-2513\" aria-expanded=\"false\">\n\t\t\t\t\t\t\t\t\t\t\t\t<span class=\"elementor-toggle-icon elementor-toggle-icon-left\" aria-hidden=\"true\">\n\t\t\t\t\t\t\t\t\t\t\t\t\t\t\t<span class=\"elementor-toggle-icon-closed\"><i class=\"fas fa-caret-right\"><\/i><\/span>\n\t\t\t\t\t\t\t\t<span class=\"elementor-toggle-icon-opened\"><i class=\"elementor-toggle-icon-opened fas fa-caret-up\"><\/i><\/span>\n\t\t\t\t\t\t\t\t\t\t\t\t\t<\/span>\n\t\t\t\t\t\t\t\t\t\t\t\t<a href=\"\" class=\"elementor-toggle-title\">FACILITEZ VOTRE QUOTIDIEN \u00c0 L'AIDE DE LA DOMOTIQUE<\/a>\n\t\t\t\t\t<\/div>\n\t\t\t\t\t<div id=\"elementor-tab-content-2513\" class=\"elementor-tab-content elementor-clearfix\" data-tab=\"3\" role=\"tabpanel\" aria-labelledby=\"elementor-tab-title-2513\"><\/div>\n\t\t\t\t<\/div>\n\t\t\t\t\t\t\t\t<\/div>\n\t\t\t\t<\/div>\n\t\t\t\t<\/div>\n\t\t\t\t\t<\/div>\n\t\t<\/div>\n\t\t\t\t\t\t\t<\/div>\n\t\t<\/section>\n\t\t\t\t<section class=\"elementor-section elementor-top-section elementor-element elementor-element-1d4bb55 elementor-section-boxed elementor-section-height-default elementor-section-height-default\" data-id=\"1d4bb55\" data-element_type=\"section\">\n\t\t\t\t\t\t<div class=\"elementor-container elementor-column-gap-default\">\n\t\t\t\t\t<div class=\"elementor-column elementor-col-100 elementor-top-column elementor-element elementor-element-7632f74\" data-id=\"7632f74\" data-element_type=\"column\">\n\t\t\t<div class=\"elementor-widget-wrap elementor-element-populated\">\n\t\t\t\t\t\t\t\t<section class=\"elementor-section elementor-inner-section elementor-element elementor-element-ed75410 elementor-section-boxed elementor-section-height-default elementor-section-height-default\" data-id=\"ed75410\" data-element_type=\"section\">\n\t\t\t\t\t\t<div class=\"elementor-container elementor-column-gap-default\">\n\t\t\t\t\t<div class=\"elementor-column elementor-col-50 elementor-inner-column elementor-element elementor-element-a2e7aa7\" data-id=\"a2e7aa7\" data-element_type=\"column\">\n\t\t\t<div class=\"elementor-widget-wrap elementor-element-populated\">\n\t\t\t\t\t\t\t\t<div class=\"elementor-element elementor-element-eddbd36 elementor-widget elementor-widget-image\" data-id=\"eddbd36\" data-element_type=\"widget\" data-widget_type=\"image.default\">\n\t\t\t\t<div class=\"elementor-widget-container\">\n\t\t\t\t\t\t\t\t\t\t\t\t\t\t\t<img width=\"450\" height=\"450\" src=\"https:\/\/domo-secure.fr\/wp-content\/uploads\/2021\/08\/systeme-securite.jpg\" class=\"attachment-large size-large\" alt=\"\" loading=\"lazy\" srcset=\"https:\/\/domo-secure.fr\/wp-content\/uploads\/2021\/08\/systeme-securite.jpg 450w, https:\/\/domo-secure.fr\/wp-content\/uploads\/2021\/08\/systeme-securite-300x300.jpg 300w, https:\/\/domo-secure.fr\/wp-content\/uploads\/2021\/08\/systeme-securite-150x150.jpg 150w\" sizes=\"(max-width: 450px) 100vw, 450px\" \/>\t\t\t\t\t\t\t\t\t\t\t\t\t\t\t<\/div>\n\t\t\t\t<\/div>\n\t\t\t\t\t<\/div>\n\t\t<\/div>\n\t\t\t\t<div class=\"elementor-column elementor-col-50 elementor-inner-column elementor-element elementor-element-f951b96\" data-id=\"f951b96\" data-element_type=\"column\">\n\t\t\t<div class=\"elementor-widget-wrap elementor-element-populated\">\n\t\t\t\t\t\t\t\t<div class=\"elementor-element elementor-element-30b596d elementor-widget elementor-widget-text-editor\" data-id=\"30b596d\" data-element_type=\"widget\" data-widget_type=\"text-editor.default\">\n\t\t\t\t<div class=\"elementor-widget-container\">\n\t\t\t\t\t\t\t\t<p><span style=\"color: #00ccff;\"><strong>DOMO-SECURE INSTALLE VOS SYST\u00c8MES DE S\u00c9CURIT\u00c9<\/strong><\/span><\/p><p><span style=\"color: #000000;\">Pour b\u00e9n\u00e9ficier d&#8217;une s\u00e9curit\u00e9 optimale, il est recommand\u00e9 de confier l&#8217;installation de votre syst\u00e8me de s\u00e9curit\u00e9 \u00e0 un professionnel. Alarmes, d\u00e9tecteurs de mouvements, cam\u00e9ras de surveillance, contr\u00f4les d&#8217;acc\u00e8s, n\u00e9cessitent un savoir-faire de qualit\u00e9 afin de maximiser votre s\u00e9curit\u00e9.<\/span><\/p><p>\u00a0<\/p><p>\u00a0<\/p>\t\t\t\t\t\t<\/div>\n\t\t\t\t<\/div>\n\t\t\t\t\t<\/div>\n\t\t<\/div>\n\t\t\t\t\t\t\t<\/div>\n\t\t<\/section>\n\t\t\t\t\t<\/div>\n\t\t<\/div>\n\t\t\t\t\t\t\t<\/div>\n\t\t<\/section>\n\t\t\t\t<section class=\"elementor-section elementor-top-section elementor-element elementor-element-18549b3 elementor-section-boxed elementor-section-height-default elementor-section-height-default\" data-id=\"18549b3\" data-element_type=\"section\">\n\t\t\t\t\t\t<div class=\"elementor-container elementor-column-gap-default\">\n\t\t\t\t\t<div class=\"elementor-column elementor-col-100 elementor-top-column elementor-element elementor-element-ea08796\" data-id=\"ea08796\" data-element_type=\"column\">\n\t\t\t<div class=\"elementor-widget-wrap elementor-element-populated\">\n\t\t\t\t\t\t\t\t<section class=\"elementor-section elementor-inner-section elementor-element elementor-element-eb8e483 elementor-section-boxed elementor-section-height-default elementor-section-height-default\" data-id=\"eb8e483\" data-element_type=\"section\">\n\t\t\t\t\t\t<div class=\"elementor-container elementor-column-gap-default\">\n\t\t\t\t\t<div class=\"elementor-column elementor-col-50 elementor-inner-column elementor-element elementor-element-80ce9f0\" data-id=\"80ce9f0\" data-element_type=\"column\">\n\t\t\t<div class=\"elementor-widget-wrap elementor-element-populated\">\n\t\t\t\t\t\t\t\t<div class=\"elementor-element elementor-element-8a0f861 elementor-widget elementor-widget-text-editor\" data-id=\"8a0f861\" data-element_type=\"widget\" data-widget_type=\"text-editor.default\">\n\t\t\t\t<div class=\"elementor-widget-container\">\n\t\t\t\t\t\t\t\t<p><strong><span style=\"color: #00ccff;\">DOMO-SECURE ASSURE LA MAINTENANCE DE VOS SYST\u00c8MES DE S\u00c9CURIT\u00c9<\/span>\u00a0<\/strong><\/p><p><span style=\"color: #000000;\">Afin que vos syst\u00e8mes de s\u00e9curit\u00e9 soient efficaces et performants \u00e0 long terme, nous assurons la maintenance et nous vous informons \u00e9galement lors d&#8217;un \u00e9ventuel remplacement \u00e0 effectuer en cas de d\u00e9faillance. Nos contrats sont adapt\u00e9s \u00e0 votre demande et nous sommes \u00e0 votre \u00e9coute.<\/span><\/p>\t\t\t\t\t\t<\/div>\n\t\t\t\t<\/div>\n\t\t\t\t\t<\/div>\n\t\t<\/div>\n\t\t\t\t<div class=\"elementor-column elementor-col-50 elementor-inner-column elementor-element elementor-element-00ad60d\" data-id=\"00ad60d\" data-element_type=\"column\">\n\t\t\t<div class=\"elementor-widget-wrap elementor-element-populated\">\n\t\t\t\t\t\t\t\t<div class=\"elementor-element elementor-element-af20d6b elementor-widget elementor-widget-image\" data-id=\"af20d6b\" data-element_type=\"widget\" data-widget_type=\"image.default\">\n\t\t\t\t<div class=\"elementor-widget-container\">\n\t\t\t\t\t\t\t\t\t\t\t\t\t\t\t<img width=\"1024\" height=\"918\" src=\"https:\/\/domo-secure.fr\/wp-content\/uploads\/2021\/08\/maintenance.jpg\" class=\"attachment-large size-large\" alt=\"\" loading=\"lazy\" srcset=\"https:\/\/domo-secure.fr\/wp-content\/uploads\/2021\/08\/maintenance.jpg 1024w, https:\/\/domo-secure.fr\/wp-content\/uploads\/2021\/08\/maintenance-300x269.jpg 300w, https:\/\/domo-secure.fr\/wp-content\/uploads\/2021\/08\/maintenance-768x689.jpg 768w\" sizes=\"(max-width: 1024px) 100vw, 1024px\" \/>\t\t\t\t\t\t\t\t\t\t\t\t\t\t\t<\/div>\n\t\t\t\t<\/div>\n\t\t\t\t\t<\/div>\n\t\t<\/div>\n\t\t\t\t\t\t\t<\/div>\n\t\t<\/section>\n\t\t\t\t\t<\/div>\n\t\t<\/div>\n\t\t\t\t\t\t\t<\/div>\n\t\t<\/section>\n\t\t\t\t<section class=\"elementor-section elementor-top-section elementor-element elementor-element-7aa616f elementor-section-boxed elementor-section-height-default elementor-section-height-default\" data-id=\"7aa616f\" data-element_type=\"section\">\n\t\t\t\t\t\t<div class=\"elementor-container elementor-column-gap-default\">\n\t\t\t\t\t<div class=\"elementor-column elementor-col-100 elementor-top-column elementor-element elementor-element-77da03c\" data-id=\"77da03c\" data-element_type=\"column\">\n\t\t\t<div class=\"elementor-widget-wrap elementor-element-populated\">\n\t\t\t\t\t\t\t\t<div class=\"elementor-element elementor-element-f54aa9f elementor-widget elementor-widget-spacer\" data-id=\"f54aa9f\" data-element_type=\"widget\" data-widget_type=\"spacer.default\">\n\t\t\t\t<div class=\"elementor-widget-container\">\n\t\t\t\t\t<div class=\"elementor-spacer\">\n\t\t\t<div class=\"elementor-spacer-inner\"><\/div>\n\t\t<\/div>\n\t\t\t\t<\/div>\n\t\t\t\t<\/div>\n\t\t\t\t\t<\/div>\n\t\t<\/div>\n\t\t\t\t\t\t\t<\/div>\n\t\t<\/section>\n\t\t\t\t<section class=\"elementor-section elementor-top-section elementor-element elementor-element-fbd7957 elementor-section-boxed elementor-section-height-default elementor-section-height-default\" data-id=\"fbd7957\" data-element_type=\"section\">\n\t\t\t\t\t\t<div class=\"elementor-container elementor-column-gap-default\">\n\t\t\t\t\t<div class=\"elementor-column elementor-col-100 elementor-top-column elementor-element elementor-element-185865d\" data-id=\"185865d\" data-element_type=\"column\">\n\t\t\t<div class=\"elementor-widget-wrap elementor-element-populated\">\n\t\t\t\t\t\t\t\t<div class=\"elementor-element elementor-element-2e9cf99 elementor-widget elementor-widget-spacer\" data-id=\"2e9cf99\" data-element_type=\"widget\" data-widget_type=\"spacer.default\">\n\t\t\t\t<div class=\"elementor-widget-container\">\n\t\t\t\t\t<div class=\"elementor-spacer\">\n\t\t\t<div class=\"elementor-spacer-inner\"><\/div>\n\t\t<\/div>\n\t\t\t\t<\/div>\n\t\t\t\t<\/div>\n\t\t\t\t\t<\/div>\n\t\t<\/div>\n\t\t\t\t\t\t\t<\/div>\n\t\t<\/section>\n\t\t\t\t<section class=\"elementor-section elementor-top-section elementor-element elementor-element-937ee14 elementor-section-boxed elementor-section-height-default elementor-section-height-default\" data-id=\"937ee14\" data-element_type=\"section\">\n\t\t\t\t\t\t<div class=\"elementor-container elementor-column-gap-default\">\n\t\t\t\t\t<div class=\"elementor-column elementor-col-100 elementor-top-column elementor-element elementor-element-7747c59\" data-id=\"7747c59\" data-element_type=\"column\">\n\t\t\t<div class=\"elementor-widget-wrap elementor-element-populated\">\n\t\t\t\t\t\t\t\t<div class=\"elementor-element elementor-element-c7df7c4 elementor-widget__width-inherit elementor-widget elementor-widget-google_maps\" data-id=\"c7df7c4\" data-element_type=\"widget\" data-widget_type=\"google_maps.default\">\n\t\t\t\t<div class=\"elementor-widget-container\">\n\t\t\t<div class=\"elementor-custom-embed\"><iframe frameborder=\"0\" scrolling=\"no\" marginheight=\"0\" marginwidth=\"0\" src=\"https:\/\/maps.google.com\/maps?q=Beauvais&amp;t=m&amp;z=10&amp;output=embed&amp;iwloc=near\" title=\"Beauvais\" aria-label=\"Beauvais\"><\/iframe><\/div>\t\t<\/div>\n\t\t\t\t<\/div>\n\t\t\t\t\t<\/div>\n\t\t<\/div>\n\t\t\t\t\t\t\t<\/div>\n\t\t<\/section>\n\t\t\t\t\t\t<\/div>\n\t\t\t\t\t<\/div>\n\t\t","protected":false},"excerpt":{"rendered":"<p>DOMO-SECURE INSTALLATEUR D&#8217;ALARMES DANS L&#8217;OISE ET EN FRANCE Nos Services CONTACTER DOMO-SECURE \u21d2 Domo-Secure \u00e9quipe les professionnels et les particuliers en syst\u00e8mes de s\u00e9curit\u00e9 dans l&#8217;Oise et partout en France. CHOISISSEZ NOS DIFF\u00c9RENTS TYPES D&#8217;ALARMES EN FONCTION DE VOS BESOINS (ANTI-INTRUSION, INCENDIE) ADOPTEZ UN SYST\u00c8ME DE VID\u00c9OSURVEILLANCE ET DE CONTR\u00d4LE D&#8217;ACC\u00c8S AFIN DE PROT\u00c9GER VOS [&hellip;]<\/p>\n","protected":false},"author":1,"featured_media":0,"parent":0,"menu_order":1,"comment_status":"closed","ping_status":"closed","template":"","meta":{"spay_email":""},"yoast_head":"<!-- This site is optimized with the Yoast SEO plugin v16.2 - https:\/\/yoast.com\/wordpress\/plugins\/seo\/ -->\n<title>Accueil Domo-Secure - Domo-Secure<\/title>\n<meta name=\"robots\" content=\"index, follow, max-snippet:-1, max-image-preview:large, max-video-preview:-1\" \/>\n<link rel=\"canonical\" href=\"https:\/\/domo-secure.fr\/\" \/>\n<meta property=\"og:locale\" content=\"fr_FR\" \/>\n<meta property=\"og:type\" content=\"article\" \/>\n<meta property=\"og:title\" content=\"Accueil Domo-Secure - Domo-Secure\" \/>\n<meta property=\"og:description\" content=\"DOMO-SECURE INSTALLATEUR D&#8217;ALARMES DANS L&#8217;OISE ET EN FRANCE Nos Services CONTACTER DOMO-SECURE \u21d2 Domo-Secure \u00e9quipe les professionnels et les particuliers en syst\u00e8mes de s\u00e9curit\u00e9 dans l&#8217;Oise et partout en France. CHOISISSEZ NOS DIFF\u00c9RENTS TYPES D&#8217;ALARMES EN FONCTION DE VOS BESOINS (ANTI-INTRUSION, INCENDIE) ADOPTEZ UN SYST\u00c8ME DE VID\u00c9OSURVEILLANCE ET DE CONTR\u00d4LE D&#8217;ACC\u00c8S AFIN DE PROT\u00c9GER VOS [&hellip;]\" \/>\n<meta property=\"og:url\" content=\"https:\/\/domo-secure.fr\/\" \/>\n<meta property=\"og:site_name\" content=\"Domo-Secure\" \/>\n<meta property=\"article:modified_time\" content=\"2021-08-16T10:39:37+00:00\" \/>\n<meta property=\"og:image\" content=\"https:\/\/domo-secure.fr\/wp-content\/uploads\/2021\/08\/systeme-securite.jpg\" \/>\n<meta name=\"twitter:card\" content=\"summary_large_image\" \/>\n<meta name=\"twitter:label1\" content=\"Dur\u00e9e de lecture est.\">\n\t<meta name=\"twitter:data1\" content=\"2 minutes\">\n<script type=\"application\/ld+json\" class=\"yoast-schema-graph\">{\"@context\":\"https:\/\/schema.org\",\"@graph\":[{\"@type\":\"WebSite\",\"@id\":\"https:\/\/domo-secure.fr\/#website\",\"url\":\"https:\/\/domo-secure.fr\/\",\"name\":\"Domo-Secure\",\"description\":\"     Alarme&amp;Domotique\",\"potentialAction\":[{\"@type\":\"SearchAction\",\"target\":\"https:\/\/domo-secure.fr\/?s={search_term_string}\",\"query-input\":\"required name=search_term_string\"}],\"inLanguage\":\"fr-FR\"},{\"@type\":\"ImageObject\",\"@id\":\"https:\/\/domo-secure.fr\/#primaryimage\",\"inLanguage\":\"fr-FR\",\"url\":\"https:\/\/domo-secure.fr\/wp-content\/uploads\/2021\/08\/systeme-securite.jpg\",\"contentUrl\":\"https:\/\/domo-secure.fr\/wp-content\/uploads\/2021\/08\/systeme-securite.jpg\",\"width\":450,\"height\":450},{\"@type\":\"WebPage\",\"@id\":\"https:\/\/domo-secure.fr\/#webpage\",\"url\":\"https:\/\/domo-secure.fr\/\",\"name\":\"Accueil Domo-Secure - Domo-Secure\",\"isPartOf\":{\"@id\":\"https:\/\/domo-secure.fr\/#website\"},\"primaryImageOfPage\":{\"@id\":\"https:\/\/domo-secure.fr\/#primaryimage\"},\"datePublished\":\"2021-08-07T17:43:40+00:00\",\"dateModified\":\"2021-08-16T10:39:37+00:00\",\"breadcrumb\":{\"@id\":\"https:\/\/domo-secure.fr\/#breadcrumb\"},\"inLanguage\":\"fr-FR\",\"potentialAction\":[{\"@type\":\"ReadAction\",\"target\":[\"https:\/\/domo-secure.fr\/\"]}]},{\"@type\":\"BreadcrumbList\",\"@id\":\"https:\/\/domo-secure.fr\/#breadcrumb\",\"itemListElement\":[{\"@type\":\"ListItem\",\"position\":1,\"item\":{\"@type\":\"WebPage\",\"@id\":\"https:\/\/domo-secure.fr\/\",\"url\":\"https:\/\/domo-secure.fr\/\",\"name\":\"Accueil\"}},{\"@type\":\"ListItem\",\"position\":2,\"item\":{\"@id\":\"https:\/\/domo-secure.fr\/#webpage\"}}]}]}<\/script>\n<!-- \/ Yoast SEO plugin. -->","_links":{"self":[{"href":"https:\/\/domo-secure.fr\/index.php\/wp-json\/wp\/v2\/pages\/54"}],"collection":[{"href":"https:\/\/domo-secure.fr\/index.php\/wp-json\/wp\/v2\/pages"}],"about":[{"href":"https:\/\/domo-secure.fr\/index.php\/wp-json\/wp\/v2\/types\/page"}],"author":[{"embeddable":true,"href":"https:\/\/domo-secure.fr\/index.php\/wp-json\/wp\/v2\/users\/1"}],"replies":[{"embeddable":true,"href":"https:\/\/domo-secure.fr\/index.php\/wp-json\/wp\/v2\/comments?post=54"}],"version-history":[{"count":137,"href":"https:\/\/domo-secure.fr\/index.php\/wp-json\/wp\/v2\/pages\/54\/revisions"}],"predecessor-version":[{"id":304,"href":"https:\/\/domo-secure.fr\/index.php\/wp-json\/wp\/v2\/pages\/54\/revisions\/304"}],"wp:attachment":[{"href":"https:\/\/domo-secure.fr\/index.php\/wp-json\/wp\/v2\/media?parent=54"}],"curies":[{"name":"wp","href":"https:\/\/api.w.org\/{rel}","templated":true}]}}